{"id":1990,"date":"2024-05-13T12:20:20","date_gmt":"2024-05-13T10:20:20","guid":{"rendered":"https:\/\/www.lichtradschmiede.ch\/wordpress\/korperarbeit-copy\/"},"modified":"2024-05-13T14:37:10","modified_gmt":"2024-05-13T12:37:10","slug":"kinder-jugend","status":"publish","type":"page","link":"https:\/\/www.lichtradschmiede.ch\/wordpress\/kinder-jugend\/","title":{"rendered":"Kinder | Jugend"},"content":{"rendered":"<p>[et_pb_section fb_built=&#8220;1&#8243; _builder_version=&#8220;4.24.2&#8243; _module_preset=&#8220;default&#8220; background_enable_color=&#8220;off&#8220; global_colors_info=&#8220;{}&#8220;][et_pb_row column_structure=&#8220;2_3,1_3&#8243; _builder_version=&#8220;4.24.2&#8243; _module_preset=&#8220;default&#8220; global_colors_info=&#8220;{}&#8220;][et_pb_column type=&#8220;2_3&#8243; _builder_version=&#8220;4.24.2&#8243; _module_preset=&#8220;default&#8220; global_colors_info=&#8220;{}&#8220;][et_pb_text _builder_version=&#8220;4.25.1&#8243; _module_preset=&#8220;default&#8220; header_font_size=&#8220;2em&#8220; header_2_font_size=&#8220;1.7em&#8220; custom_padding=&#8220;|6px||||&#8220; header_font_size_tablet=&#8220;2em&#8220; header_font_size_phone=&#8220;1.4em&#8220; header_font_size_last_edited=&#8220;on|phone&#8220; header_2_font_size_tablet=&#8220;1.7em&#8220; header_2_font_size_phone=&#8220;1.4em&#8220; header_2_font_size_last_edited=&#8220;on|desktop&#8220; global_colors_info=&#8220;{}&#8220;]<\/p>\n<h1>Kinder und Jugend<\/h1>\n<p class=\"p1\"><span>Wir bieten einf\u00fchlsame Unterst\u00fctzung und Beratung, um junge Menschen auf ihrem Weg zu unterst\u00fctzen. Von Therapie und Coaching bis hin zu tiergest\u00fctzten Interventionen \u2013 wir sind hier, um sie zu begleiten und zu st\u00e4rken. Zus\u00e4tzlich organisieren wir unvergessliche Geburtstagsfeiern und Veranstaltungen, die Spass, Kreativit\u00e4t und Lernen kombinieren. Lassen Sie uns gemeinsam eine positive Ver\u00e4nderung f\u00fcr die Zukunft unserer Kinder schaffen.<\/span><\/p>\n<p>[\/et_pb_text][\/et_pb_column][et_pb_column type=&#8220;1_3&#8243; _builder_version=&#8220;4.24.2&#8243; _module_preset=&#8220;default&#8220; background_color=&#8220;#ffe493&#8243; custom_padding=&#8220;|20px|20px|20px|false|true&#8220; border_radii=&#8220;on|50px|50px|50px|50px&#8220; global_colors_info=&#8220;{}&#8220;][et_pb_text _builder_version=&#8220;4.24.3&#8243; _module_preset=&#8220;default&#8220; header_text_color=&#8220;#000000&#8243; header_font_size=&#8220;2em&#8220; custom_margin=&#8220;|||20px|false|false&#8220; header_font_size_tablet=&#8220;&#8220; header_font_size_phone=&#8220;1.4em&#8220; header_font_size_last_edited=&#8220;on|phone&#8220; global_module=&#8220;1364&#8243; global_colors_info=&#8220;{}&#8220;]<\/p>\n<h1 style=\"text-align: left;\">Angebot<\/h1>\n<p>[\/et_pb_text][et_pb_menu menu_id=&#8220;18&#8243; active_link_color=&#8220;#FFFFFF&#8220; module_id=&#8220;lwp-hide-mobile-menu&#8220; module_class=&#8220;pa-open-mobile-menu&#8220; _builder_version=&#8220;4.25.0&#8243; _module_preset=&#8220;default&#8220; menu_font=&#8220;|700|||||||&#8220; menu_text_color=&#8220;#000000&#8243; menu_font_size=&#8220;22px&#8220; menu_line_height=&#8220;1.2em&#8220; background_enable_color=&#8220;off&#8220; max_width_tablet=&#8220;&#8220; max_width_phone=&#8220;&#8220; max_width_last_edited=&#8220;on|tablet&#8220; custom_padding=&#8220;|20px||20px|false|true&#8220; global_module=&#8220;423&#8243; saved_tabs=&#8220;all&#8220; global_colors_info=&#8220;{}&#8220;][\/et_pb_menu][\/et_pb_column][\/et_pb_row][et_pb_row _builder_version=&#8220;4.24.2&#8243; _module_preset=&#8220;default&#8220; global_colors_info=&#8220;{}&#8220;][et_pb_column type=&#8220;4_4&#8243; _builder_version=&#8220;4.24.2&#8243; _module_preset=&#8220;default&#8220; global_colors_info=&#8220;{}&#8220;][et_pb_text _builder_version=&#8220;4.25.1&#8243; _module_preset=&#8220;default&#8220; header_font_size=&#8220;2em&#8220; header_2_font_size=&#8220;1.7em&#8220; header_font_size_tablet=&#8220;2em&#8220; header_font_size_phone=&#8220;1.4em&#8220; header_font_size_last_edited=&#8220;on|phone&#8220; header_2_font_size_tablet=&#8220;1.7em&#8220; header_2_font_size_phone=&#8220;1.4em&#8220; header_2_font_size_last_edited=&#8220;on|desktop&#8220; global_colors_info=&#8220;{}&#8220;]<\/p>\n<h2><span>Brauchst du Begleitung oder spannende Erlebnisse?<\/span><\/h2>\n<p>[\/et_pb_text][et_pb_blog fullwidth=&#8220;off&#8220; posts_number=&#8220;20&#8243; include_categories=&#8220;37&#8243; use_manual_excerpt=&#8220;off&#8220; show_author=&#8220;off&#8220; show_date=&#8220;off&#8220; show_categories=&#8220;off&#8220; show_excerpt=&#8220;off&#8220; show_pagination=&#8220;off&#8220; _builder_version=&#8220;4.25.1&#8243; _module_preset=&#8220;default&#8220; header_font_size=&#8220;1em&#8220; header_font_size_tablet=&#8220;1em&#8220; header_font_size_phone=&#8220;1em&#8220; header_font_size_last_edited=&#8220;on|phone&#8220; border_width_all=&#8220;0px&#8220; border_radii_image=&#8220;on|50px|50px|50px|50px&#8220; global_colors_info=&#8220;{}&#8220;][\/et_pb_blog][et_pb_text _builder_version=&#8220;4.24.2&#8243; _module_preset=&#8220;default&#8220; header_font_size=&#8220;2em&#8220; header_2_font_size=&#8220;1.7em&#8220; header_font_size_tablet=&#8220;2em&#8220; header_font_size_phone=&#8220;1.4em&#8220; header_font_size_last_edited=&#8220;on|phone&#8220; header_2_font_size_tablet=&#8220;1.7em&#8220; header_2_font_size_phone=&#8220;1.4em&#8220; header_2_font_size_last_edited=&#8220;on|desktop&#8220; global_colors_info=&#8220;{}&#8220;]<\/p>\n<h2>Wir sind f\u00fcr dich da<\/h2>\n<p>[\/et_pb_text][et_pb_portfolio fullwidth=&#8220;off&#8220; include_categories=&#8220;38&#8243; show_categories=&#8220;off&#8220; _builder_version=&#8220;4.25.1&#8243; _module_preset=&#8220;default&#8220; title_text_align=&#8220;center&#8220; title_font_size=&#8220;1em&#8220; title_font_size_tablet=&#8220;1em&#8220; title_font_size_phone=&#8220;1em&#8220; title_font_size_last_edited=&#8220;on|phone&#8220; border_radii_image=&#8220;on|50%|50%|50%|50%&#8220; global_colors_info=&#8220;{}&#8220;][\/et_pb_portfolio][\/et_pb_column][\/et_pb_row][\/et_pb_section]<\/p>\n","protected":false},"excerpt":{"rendered":"<p>Kinder und Jugend Wir bieten einf\u00fchlsame Unterst\u00fctzung und Beratung, um junge Menschen auf ihrem Weg zu unterst\u00fctzen. Von Therapie und Coaching bis hin zu tiergest\u00fctzten Interventionen \u2013 wir sind hier, um sie zu begleiten und zu st\u00e4rken. Zus\u00e4tzlich organisieren wir unvergessliche Geburtstagsfeiern und Veranstaltungen, die Spass, Kreativit\u00e4t und Lernen kombinieren. Lassen Sie uns gemeinsam eine [&hellip;]<\/p>\n","protected":false},"author":1,"featured_media":0,"parent":0,"menu_order":0,"comment_status":"closed","ping_status":"closed","template":"","meta":{"_acf_changed":false,"_et_pb_use_builder":"on","_et_pb_old_content":"","_et_gb_content_width":"","footnotes":""},"class_list":["post-1990","page","type-page","status-publish","hentry"],"acf":[],"_links":{"self":[{"href":"https:\/\/www.lichtradschmiede.ch\/wordpress\/wp-json\/wp\/v2\/pages\/1990","targetHints":{"allow":["GET"]}}],"collection":[{"href":"https:\/\/www.lichtradschmiede.ch\/wordpress\/wp-json\/wp\/v2\/pages"}],"about":[{"href":"https:\/\/www.lichtradschmiede.ch\/wordpress\/wp-json\/wp\/v2\/types\/page"}],"author":[{"embeddable":true,"href":"https:\/\/www.lichtradschmiede.ch\/wordpress\/wp-json\/wp\/v2\/users\/1"}],"replies":[{"embeddable":true,"href":"https:\/\/www.lichtradschmiede.ch\/wordpress\/wp-json\/wp\/v2\/comments?post=1990"}],"version-history":[{"count":6,"href":"https:\/\/www.lichtradschmiede.ch\/wordpress\/wp-json\/wp\/v2\/pages\/1990\/revisions"}],"predecessor-version":[{"id":2003,"href":"https:\/\/www.lichtradschmiede.ch\/wordpress\/wp-json\/wp\/v2\/pages\/1990\/revisions\/2003"}],"wp:attachment":[{"href":"https:\/\/www.lichtradschmiede.ch\/wordpress\/wp-json\/wp\/v2\/media?parent=1990"}],"curies":[{"name":"wp","href":"https:\/\/api.w.org\/{rel}","templated":true}]}}