{"id":2,"date":"2023-04-29T16:27:27","date_gmt":"2023-04-29T14:27:27","guid":{"rendered":"https:\/\/www.lichtradschmiede.ch\/wordpress\/?page_id=2"},"modified":"2024-11-26T14:12:13","modified_gmt":"2024-11-26T13:12:13","slug":"lichtradschmiede","status":"publish","type":"page","link":"https:\/\/www.lichtradschmiede.ch\/wordpress\/","title":{"rendered":"Lichtradschmiede"},"content":{"rendered":"<p>[et_pb_section fb_built=&#8220;1&#8243; _builder_version=&#8220;4.24.2&#8243; _module_preset=&#8220;default&#8220; global_colors_info=&#8220;{}&#8220;][et_pb_row column_structure=&#8220;2_3,1_3&#8243; _builder_version=&#8220;4.25.0&#8243; _module_preset=&#8220;default&#8220; global_colors_info=&#8220;{}&#8220;][et_pb_column type=&#8220;2_3&#8243; _builder_version=&#8220;4.24.2&#8243; _module_preset=&#8220;default&#8220; global_colors_info=&#8220;{}&#8220;][et_pb_text _builder_version=&#8220;4.25.1&#8243; _module_preset=&#8220;default&#8220; header_font_size=&#8220;2em&#8220; text_font_tablet=&#8220;&#8220; text_font_phone=&#8220;&#8220; text_font_last_edited=&#8220;on|phone&#8220; text_font_size_tablet=&#8220;&#8220; text_font_size_phone=&#8220;&#8220; text_font_size_last_edited=&#8220;on|desktop&#8220; header_font_size_tablet=&#8220;&#8220; header_font_size_phone=&#8220;1.4em&#8220; header_font_size_last_edited=&#8220;on|phone&#8220; header_3_font_size_tablet=&#8220;&#8220; header_3_font_size_phone=&#8220;&#8220; header_3_font_size_last_edited=&#8220;on|phone&#8220; global_colors_info=&#8220;{}&#8220;]<\/p>\n<h1>Die Lichtradschmiede<\/h1>\n<p>Die Lichtradschmiede ist ein Wirkungskreis wo sich Lebensberater, Therapeuten, Tierfreunde und Kunstschaffende zusammenfinden, um ihre Dienste einem breiten Publikum vorzustellen. Es ist eine Gemeinschaft von Menschen, die sich mit Klang, Farbe oder Bewegung dem Schmieden von Gl\u00fcck verschreibt und Frieden, Sch\u00f6nheit und Harmonie anstrebt.<\/p>\n<p>Ob du nach einer wohltuender Behandlung, inspirierender Kunst, medialer Beratung oder erhebender Musik suchst, ob du etwas neues lernen m\u00f6chtest oder nat\u00fcrliche Produkte bevorzugst \u2013 in unserem Netzwerk findest du alles, um K\u00f6rper, Geist und Seele zu reinigen und zu st\u00e4rken.<\/p>\n<p>[\/et_pb_text][\/et_pb_column][et_pb_column type=&#8220;1_3&#8243; module_id=&#8220;angebot&#8220; _builder_version=&#8220;4.25.0&#8243; _module_preset=&#8220;default&#8220; background_color=&#8220;#ffe493&#8243; custom_padding=&#8220;|20px|20px|20px|false|true&#8220; border_radii=&#8220;on|50px|50px|50px|50px&#8220; global_colors_info=&#8220;{}&#8220;][et_pb_text _builder_version=&#8220;4.24.3&#8243; _module_preset=&#8220;default&#8220; header_text_color=&#8220;#000000&#8243; header_font_size=&#8220;2em&#8220; custom_margin=&#8220;|||20px|false|false&#8220; header_font_size_tablet=&#8220;&#8220; header_font_size_phone=&#8220;1.4em&#8220; header_font_size_last_edited=&#8220;on|phone&#8220; global_module=&#8220;1364&#8243; global_colors_info=&#8220;{}&#8220;]<\/p>\n<h1 style=\"text-align: left;\">Angebot<\/h1>\n<p>[\/et_pb_text][et_pb_menu menu_id=&#8220;18&#8243; active_link_color=&#8220;#FFFFFF&#8220; module_class=&#8220;pa-open-mobile-menu&#8220; _builder_version=&#8220;4.25.0&#8243; _module_preset=&#8220;default&#8220; menu_font=&#8220;|700|||||||&#8220; menu_text_color=&#8220;#000000&#8243; menu_font_size=&#8220;22px&#8220; menu_line_height=&#8220;1.2em&#8220; background_enable_color=&#8220;off&#8220; max_width_tablet=&#8220;&#8220; max_width_phone=&#8220;&#8220; max_width_last_edited=&#8220;on|tablet&#8220; custom_padding=&#8220;|20px||20px|false|true&#8220; global_module=&#8220;423&#8243; saved_tabs=&#8220;all&#8220; global_colors_info=&#8220;{}&#8220;][\/et_pb_menu][\/et_pb_column][\/et_pb_row][et_pb_row module_id=&#8220;tafelrunde&#8220; _builder_version=&#8220;4.24.2&#8243; _module_preset=&#8220;default&#8220; global_colors_info=&#8220;{}&#8220;][et_pb_column type=&#8220;4_4&#8243; _builder_version=&#8220;4.24.2&#8243; _module_preset=&#8220;default&#8220; global_colors_info=&#8220;{}&#8220;][et_pb_text _builder_version=&#8220;4.24.3&#8243; _module_preset=&#8220;default&#8220; header_font_size=&#8220;2em&#8220; header_font_size_tablet=&#8220;&#8220; header_font_size_phone=&#8220;1.4em&#8220; header_font_size_last_edited=&#8220;on|phone&#8220; border_radii=&#8220;on|50px|50px|50px|50px&#8220; global_colors_info=&#8220;{}&#8220;]<\/p>\n<h1 style=\"text-align: center;\">Mitwirkende<\/h1>\n<p>[\/et_pb_text][et_pb_portfolio fullwidth=&#8220;off&#8220; posts_number=&#8220;20&#8243; include_categories=&#8220;all&#8220; show_categories=&#8220;off&#8220; show_pagination=&#8220;off&#8220; _builder_version=&#8220;4.27.2&#8243; _module_preset=&#8220;default&#8220; title_text_align=&#8220;center&#8220; title_font_size=&#8220;26px&#8220; hover_enabled=&#8220;0&#8243; title_font_size_tablet=&#8220;22px&#8220; title_font_size_phone=&#8220;22px&#8220; title_font_size_last_edited=&#8220;on|phone&#8220; border_radii_image=&#8220;on|50%|50%|50%|50%&#8220; global_colors_info=&#8220;{}&#8220; sticky_enabled=&#8220;0&#8243;][\/et_pb_portfolio][\/et_pb_column][\/et_pb_row][\/et_pb_section]<\/p>\n","protected":false},"excerpt":{"rendered":"<p>Die Lichtradschmiede Die Lichtradschmiede ist ein Wirkungskreis wo sich Lebensberater, Therapeuten, Tierfreunde und Kunstschaffende zusammenfinden, um ihre Dienste einem breiten Publikum vorzustellen. Es ist eine Gemeinschaft von Menschen, die sich mit Klang, Farbe oder Bewegung dem Schmieden von Gl\u00fcck verschreibt und Frieden, Sch\u00f6nheit und Harmonie anstrebt. Ob du nach einer wohltuender Behandlung, inspirierender Kunst, medialer [&hellip;]<\/p>\n","protected":false},"author":1,"featured_media":0,"parent":0,"menu_order":0,"comment_status":"closed","ping_status":"closed","template":"","meta":{"_acf_changed":false,"_et_pb_use_builder":"on","_et_pb_old_content":"<!-- wp:paragraph -->\r\n<p>Dies ist eine Beispiel-Seite. Sie unterscheidet sich von Beitr\u00e4gen, da sie stets an derselben Stelle bleibt und (bei den meisten Themes) in der Website-Navigation angezeigt wird. Die meisten starten mit einem Impressum, der Datenschutzerkl\u00e4rung oder einer \u201e\u00dcber\u00a0uns\u201c-Seite, um sich potenziellen Besuchern der Website vorzustellen. Dort k\u00f6nnte zum Beispiel stehen:<\/p>\r\n<!-- \/wp:paragraph --><!-- wp:quote -->\r\n<blockquote class=\"wp-block-quote\">\r\n<p>Hallo! Tags\u00fcber arbeite ich als Fahrradkurier, nachts bin ich ein aufstrebender Schauspieler und dies hier ist meine Website. Ich lebe in Berlin, habe einen gro\u00dfen Hund namens Jack, mag Pi\u00f1a Coladas, jedoch weniger (ohne Schirm) im Regen stehen gelassen zu werden.<\/p>\r\n<\/blockquote>\r\n<!-- \/wp:quote --><!-- wp:paragraph -->\r\n<p>...\u00a0oder so etwas wie:<\/p>\r\n<!-- \/wp:paragraph --><!-- wp:quote -->\r\n<blockquote class=\"wp-block-quote\">\r\n<p>Das Unternehmen XYZ wurde 1971 gegr\u00fcndet und versorgt die \u00d6ffentlichkeit seither mit qualitativ hochwertigen Produkten. An seinem Standort in einer kleinen Gro\u00dfstadt besch\u00e4ftigt der Betrieb \u00fcber 2.000 Menschen und unterst\u00fctzt die Stadtbewohner in vielfacher Hinsicht.<\/p>\r\n<\/blockquote>\r\n<!-- \/wp:quote --><!-- wp:paragraph -->\r\n<p>Als neuer WordPress-Benutzer solltest du <a href=\"https:\/\/www.lichtradschmiede.ch\/wordpress\/wp-admin\/\">dein Dashboard<\/a> aufrufen, um diese Seite zu l\u00f6schen und neue Seiten und Beitr\u00e4ge f\u00fcr deine Website erstellen. Viel Spa\u00df!<\/p>\r\n<!-- \/wp:paragraph -->","_et_gb_content_width":"","footnotes":""},"class_list":["post-2","page","type-page","status-publish","hentry"],"acf":[],"_links":{"self":[{"href":"https:\/\/www.lichtradschmiede.ch\/wordpress\/wp-json\/wp\/v2\/pages\/2","targetHints":{"allow":["GET"]}}],"collection":[{"href":"https:\/\/www.lichtradschmiede.ch\/wordpress\/wp-json\/wp\/v2\/pages"}],"about":[{"href":"https:\/\/www.lichtradschmiede.ch\/wordpress\/wp-json\/wp\/v2\/types\/page"}],"author":[{"embeddable":true,"href":"https:\/\/www.lichtradschmiede.ch\/wordpress\/wp-json\/wp\/v2\/users\/1"}],"replies":[{"embeddable":true,"href":"https:\/\/www.lichtradschmiede.ch\/wordpress\/wp-json\/wp\/v2\/comments?post=2"}],"version-history":[{"count":2,"href":"https:\/\/www.lichtradschmiede.ch\/wordpress\/wp-json\/wp\/v2\/pages\/2\/revisions"}],"predecessor-version":[{"id":2085,"href":"https:\/\/www.lichtradschmiede.ch\/wordpress\/wp-json\/wp\/v2\/pages\/2\/revisions\/2085"}],"wp:attachment":[{"href":"https:\/\/www.lichtradschmiede.ch\/wordpress\/wp-json\/wp\/v2\/media?parent=2"}],"curies":[{"name":"wp","href":"https:\/\/api.w.org\/{rel}","templated":true}]}}