{"id":533,"date":"2024-03-14T14:57:32","date_gmt":"2024-03-14T13:57:32","guid":{"rendered":"https:\/\/www.lichtradschmiede.ch\/wordpress\/coaching-und-beratung-copy\/"},"modified":"2024-04-27T15:00:40","modified_gmt":"2024-04-27T13:00:40","slug":"tierwohl","status":"publish","type":"page","link":"https:\/\/www.lichtradschmiede.ch\/wordpress\/tierwohl\/","title":{"rendered":"Tierwohl"},"content":{"rendered":"<p>[et_pb_section fb_built=&#8220;1&#8243; _builder_version=&#8220;4.24.2&#8243; _module_preset=&#8220;default&#8220; background_enable_color=&#8220;off&#8220; global_colors_info=&#8220;{}&#8220;][et_pb_row column_structure=&#8220;2_3,1_3&#8243; _builder_version=&#8220;4.24.2&#8243; _module_preset=&#8220;default&#8220; global_colors_info=&#8220;{}&#8220;][et_pb_column type=&#8220;2_3&#8243; _builder_version=&#8220;4.24.2&#8243; _module_preset=&#8220;default&#8220; global_colors_info=&#8220;{}&#8220;][et_pb_text _builder_version=&#8220;4.25.0&#8243; _module_preset=&#8220;default&#8220; header_font_size=&#8220;2em&#8220; header_2_font_size=&#8220;1.7em&#8220; header_font_size_tablet=&#8220;2em&#8220; header_font_size_phone=&#8220;1.4em&#8220; header_font_size_last_edited=&#8220;on|phone&#8220; header_2_font_size_tablet=&#8220;1.7em&#8220; header_2_font_size_phone=&#8220;1.4em&#8220; header_2_font_size_last_edited=&#8220;on|desktop&#8220; global_colors_info=&#8220;{}&#8220;]<\/p>\n<h1>Tierwohl<\/h1>\n<p>Tiere sind unsere Begleiter und manchmal sogar Opfer unserer Handlungen, sowohl direkt als auch indirekt. Seit langem sind sie treue Gef\u00e4hrten des Menschen und Spiegelbild unserer eigenen Natur.<br \/>\nEin achtsamer Umgang mit Tieren und die F\u00f6rderung ihres Wohlergehens sind essenziell f\u00fcr eine verantwortungsvolle Beziehung zwischen Mensch und Tier, die auf Nachhaltigkeit basiert.<br \/>\nTiere erm\u00f6glichen es uns, unsere eigene Natur besser zu verstehen, und haben oft viel zu kommunizieren.<br \/>\nUnser Ziel ist es, einen positiven Beitrag zum Wohl der Tiere zu leisten![\/et_pb_text][\/et_pb_column][et_pb_column type=&#8220;1_3&#8243; _builder_version=&#8220;4.24.2&#8243; _module_preset=&#8220;default&#8220; background_color=&#8220;#ffe493&#8243; custom_padding=&#8220;|20px|20px|20px|false|true&#8220; border_radii=&#8220;on|50px|50px|50px|50px&#8220; global_colors_info=&#8220;{}&#8220;][et_pb_text _builder_version=&#8220;4.24.3&#8243; _module_preset=&#8220;default&#8220; header_text_color=&#8220;#000000&#8243; header_font_size=&#8220;2em&#8220; custom_margin=&#8220;|||20px|false|false&#8220; header_font_size_tablet=&#8220;&#8220; header_font_size_phone=&#8220;1.4em&#8220; header_font_size_last_edited=&#8220;on|phone&#8220; global_module=&#8220;1364&#8243; global_colors_info=&#8220;{}&#8220;]<\/p>\n<h1 style=\"text-align: left;\">Angebot<\/h1>\n<p>[\/et_pb_text][et_pb_menu menu_id=&#8220;18&#8243; active_link_color=&#8220;#FFFFFF&#8220; module_id=&#8220;lwp-hide-mobile-menu&#8220; module_class=&#8220;pa-open-mobile-menu&#8220; _builder_version=&#8220;4.25.0&#8243; _module_preset=&#8220;default&#8220; menu_font=&#8220;|700|||||||&#8220; menu_text_color=&#8220;#000000&#8243; menu_font_size=&#8220;22px&#8220; menu_line_height=&#8220;1.2em&#8220; background_enable_color=&#8220;off&#8220; custom_padding=&#8220;|20px||20px|false|true&#8220; global_module=&#8220;423&#8243; saved_tabs=&#8220;all&#8220; global_colors_info=&#8220;{}&#8220;][\/et_pb_menu][\/et_pb_column][\/et_pb_row][et_pb_row _builder_version=&#8220;4.24.2&#8243; _module_preset=&#8220;default&#8220; global_colors_info=&#8220;{}&#8220;][et_pb_column type=&#8220;4_4&#8243; _builder_version=&#8220;4.24.2&#8243; _module_preset=&#8220;default&#8220; global_colors_info=&#8220;{}&#8220;][et_pb_text _builder_version=&#8220;4.24.3&#8243; _module_preset=&#8220;default&#8220; header_font_size=&#8220;2em&#8220; header_2_font_size=&#8220;1.7em&#8220; header_font_size_tablet=&#8220;2em&#8220; header_font_size_phone=&#8220;1.4em&#8220; header_font_size_last_edited=&#8220;on|phone&#8220; header_2_font_size_tablet=&#8220;1.7em&#8220; header_2_font_size_phone=&#8220;1.4em&#8220; header_2_font_size_last_edited=&#8220;on|desktop&#8220; global_colors_info=&#8220;{}&#8220;]<\/p>\n<h2>M\u00f6chtest du einen Beitrag zum wohl der Tiere leisten?<\/h2>\n<p>[\/et_pb_text][et_pb_blog fullwidth=&#8220;off&#8220; include_categories=&#8220;24&#8243; use_manual_excerpt=&#8220;off&#8220; show_author=&#8220;off&#8220; show_date=&#8220;off&#8220; show_categories=&#8220;off&#8220; show_excerpt=&#8220;off&#8220; show_pagination=&#8220;off&#8220; _builder_version=&#8220;4.24.3&#8243; _module_preset=&#8220;default&#8220; header_font_size=&#8220;1em&#8220; header_font_size_tablet=&#8220;1em&#8220; header_font_size_phone=&#8220;1em&#8220; header_font_size_last_edited=&#8220;on|phone&#8220; border_width_all=&#8220;0px&#8220; border_radii_image=&#8220;on|50px|50px|50px|50px&#8220; global_colors_info=&#8220;{}&#8220;][\/et_pb_blog][et_pb_text _builder_version=&#8220;4.24.2&#8243; _module_preset=&#8220;default&#8220; header_font_size=&#8220;2em&#8220; header_2_font_size=&#8220;1.7em&#8220; header_font_size_tablet=&#8220;2em&#8220; header_font_size_phone=&#8220;1.4em&#8220; header_font_size_last_edited=&#8220;on|phone&#8220; header_2_font_size_tablet=&#8220;1.7em&#8220; header_2_font_size_phone=&#8220;1.4em&#8220; header_2_font_size_last_edited=&#8220;on|desktop&#8220; global_colors_info=&#8220;{}&#8220;]<\/p>\n<h2>Wir sind f\u00fcr dich da<\/h2>\n<p>[\/et_pb_text][et_pb_portfolio fullwidth=&#8220;off&#8220; include_categories=&#8220;8&#8243; show_categories=&#8220;off&#8220; _builder_version=&#8220;4.24.3&#8243; _module_preset=&#8220;default&#8220; title_text_align=&#8220;center&#8220; title_font_size=&#8220;1em&#8220; title_font_size_tablet=&#8220;1em&#8220; title_font_size_phone=&#8220;1em&#8220; title_font_size_last_edited=&#8220;on|phone&#8220; border_radii_image=&#8220;on|50%|50%|50%|50%&#8220; global_colors_info=&#8220;{}&#8220;][\/et_pb_portfolio][\/et_pb_column][\/et_pb_row][\/et_pb_section]<\/p>\n","protected":false},"excerpt":{"rendered":"<p>Tierwohl Tiere sind unsere Begleiter und manchmal sogar Opfer unserer Handlungen, sowohl direkt als auch indirekt. Seit langem sind sie treue Gef\u00e4hrten des Menschen und Spiegelbild unserer eigenen Natur. Ein achtsamer Umgang mit Tieren und die F\u00f6rderung ihres Wohlergehens sind essenziell f\u00fcr eine verantwortungsvolle Beziehung zwischen Mensch und Tier, die auf Nachhaltigkeit basiert. Tiere erm\u00f6glichen [&hellip;]<\/p>\n","protected":false},"author":1,"featured_media":0,"parent":0,"menu_order":0,"comment_status":"closed","ping_status":"closed","template":"","meta":{"_acf_changed":false,"_et_pb_use_builder":"on","_et_pb_old_content":"","_et_gb_content_width":"","footnotes":""},"class_list":["post-533","page","type-page","status-publish","hentry"],"acf":[],"_links":{"self":[{"href":"https:\/\/www.lichtradschmiede.ch\/wordpress\/wp-json\/wp\/v2\/pages\/533","targetHints":{"allow":["GET"]}}],"collection":[{"href":"https:\/\/www.lichtradschmiede.ch\/wordpress\/wp-json\/wp\/v2\/pages"}],"about":[{"href":"https:\/\/www.lichtradschmiede.ch\/wordpress\/wp-json\/wp\/v2\/types\/page"}],"author":[{"embeddable":true,"href":"https:\/\/www.lichtradschmiede.ch\/wordpress\/wp-json\/wp\/v2\/users\/1"}],"replies":[{"embeddable":true,"href":"https:\/\/www.lichtradschmiede.ch\/wordpress\/wp-json\/wp\/v2\/comments?post=533"}],"version-history":[{"count":0,"href":"https:\/\/www.lichtradschmiede.ch\/wordpress\/wp-json\/wp\/v2\/pages\/533\/revisions"}],"wp:attachment":[{"href":"https:\/\/www.lichtradschmiede.ch\/wordpress\/wp-json\/wp\/v2\/media?parent=533"}],"curies":[{"name":"wp","href":"https:\/\/api.w.org\/{rel}","templated":true}]}}