{"id":573,"date":"2024-03-14T15:46:30","date_gmt":"2024-03-14T14:46:30","guid":{"rendered":"https:\/\/www.lichtradschmiede.ch\/wordpress\/coaching-und-beratung-copy\/"},"modified":"2024-04-27T15:00:15","modified_gmt":"2024-04-27T13:00:15","slug":"kurse-und-seminare","status":"publish","type":"page","link":"https:\/\/www.lichtradschmiede.ch\/wordpress\/kurse-und-seminare\/","title":{"rendered":"Kurse und Seminare"},"content":{"rendered":"<p>[et_pb_section fb_built=&#8220;1&#8243; _builder_version=&#8220;4.24.2&#8243; _module_preset=&#8220;default&#8220; background_enable_color=&#8220;off&#8220; global_colors_info=&#8220;{}&#8220;][et_pb_row column_structure=&#8220;2_3,1_3&#8243; _builder_version=&#8220;4.24.2&#8243; _module_preset=&#8220;default&#8220; global_colors_info=&#8220;{}&#8220;][et_pb_column type=&#8220;2_3&#8243; _builder_version=&#8220;4.24.2&#8243; _module_preset=&#8220;default&#8220; global_colors_info=&#8220;{}&#8220;][et_pb_text _builder_version=&#8220;4.24.2&#8243; _module_preset=&#8220;default&#8220; header_font_size=&#8220;2em&#8220; header_2_font_size=&#8220;1.7em&#8220; header_font_size_tablet=&#8220;2em&#8220; header_font_size_phone=&#8220;1.4em&#8220; header_font_size_last_edited=&#8220;on|phone&#8220; header_2_font_size_tablet=&#8220;1.7em&#8220; header_2_font_size_phone=&#8220;1.4em&#8220; header_2_font_size_last_edited=&#8220;on|desktop&#8220; global_colors_info=&#8220;{}&#8220;]<\/p>\n<h1>Kurse und Seminare<\/h1>\n<p class=\"p1\">Da wir unser Wissen und unsere Erfahrungswerte gerne mit anderen Menschen teilen, halten wir Vortr\u00e4ge und Seminare ab. Diese Seminare bilden wundersch\u00f6ne Gelegenheiten f\u00fcr Gruppenprozesse und Austausch auf diversen Ebenen. Oft finden Menschen zusammen, die von \u00e4hnlichen Themen bewegt, sich in der Umsetzung von Kreiskultur und WIR weiter entwickeln wollen.<\/p>\n<p class=\"p1\">Dank Kursangeboten und Vortr\u00e4gen<span class=\"Apple-converted-space\">\u00a0 <\/span>erweitert sich der Kreis derjenigen die andere unterst\u00fctzen k\u00f6nnen.<\/p>\n<p class=\"p1\">Einige unter uns tun dies auch gerne im Austausch.<\/p>\n<p>[\/et_pb_text][\/et_pb_column][et_pb_column type=&#8220;1_3&#8243; _builder_version=&#8220;4.24.2&#8243; _module_preset=&#8220;default&#8220; background_color=&#8220;#ffe493&#8243; custom_padding=&#8220;|20px|20px|20px|false|true&#8220; border_radii=&#8220;on|50px|50px|50px|50px&#8220; global_colors_info=&#8220;{}&#8220;][et_pb_text _builder_version=&#8220;4.24.3&#8243; _module_preset=&#8220;default&#8220; header_text_color=&#8220;#000000&#8243; header_font_size=&#8220;2em&#8220; custom_margin=&#8220;|||20px|false|false&#8220; header_font_size_tablet=&#8220;&#8220; header_font_size_phone=&#8220;1.4em&#8220; header_font_size_last_edited=&#8220;on|phone&#8220; global_module=&#8220;1364&#8243; global_colors_info=&#8220;{}&#8220;]<\/p>\n<h1 style=\"text-align: left;\">Angebot<\/h1>\n<p>[\/et_pb_text][et_pb_menu menu_id=&#8220;18&#8243; active_link_color=&#8220;#FFFFFF&#8220; module_id=&#8220;lwp-hide-mobile-menu&#8220; module_class=&#8220;pa-open-mobile-menu&#8220; _builder_version=&#8220;4.25.0&#8243; _module_preset=&#8220;default&#8220; menu_font=&#8220;|700|||||||&#8220; menu_text_color=&#8220;#000000&#8243; menu_font_size=&#8220;22px&#8220; menu_line_height=&#8220;1.2em&#8220; background_enable_color=&#8220;off&#8220; custom_padding=&#8220;|20px||20px|false|true&#8220; hover_enabled=&#8220;0&#8243; global_module=&#8220;423&#8243; saved_tabs=&#8220;all&#8220; global_colors_info=&#8220;{}&#8220; sticky_enabled=&#8220;0&#8243;][\/et_pb_menu][\/et_pb_column][\/et_pb_row][et_pb_row _builder_version=&#8220;4.24.2&#8243; _module_preset=&#8220;default&#8220; global_colors_info=&#8220;{}&#8220;][et_pb_column type=&#8220;4_4&#8243; _builder_version=&#8220;4.24.2&#8243; _module_preset=&#8220;default&#8220; global_colors_info=&#8220;{}&#8220;][et_pb_text _builder_version=&#8220;4.24.2&#8243; _module_preset=&#8220;default&#8220; header_font_size=&#8220;2em&#8220; header_2_font_size=&#8220;1.7em&#8220; header_font_size_tablet=&#8220;2em&#8220; header_font_size_phone=&#8220;1.4em&#8220; header_font_size_last_edited=&#8220;on|phone&#8220; header_2_font_size_tablet=&#8220;1.7em&#8220; header_2_font_size_phone=&#8220;1.4em&#8220; header_2_font_size_last_edited=&#8220;on|desktop&#8220; global_colors_info=&#8220;{}&#8220;]<\/p>\n<h2>Bist du neugierig und wissensdurstig?<\/h2>\n<p>[\/et_pb_text][et_pb_blog fullwidth=&#8220;off&#8220; include_categories=&#8220;25&#8243; use_manual_excerpt=&#8220;off&#8220; show_author=&#8220;off&#8220; show_date=&#8220;off&#8220; show_categories=&#8220;off&#8220; show_excerpt=&#8220;off&#8220; show_pagination=&#8220;off&#8220; _builder_version=&#8220;4.24.3&#8243; _module_preset=&#8220;default&#8220; header_font_size=&#8220;1em&#8220; header_font_size_tablet=&#8220;1em&#8220; header_font_size_phone=&#8220;1em&#8220; header_font_size_last_edited=&#8220;on|phone&#8220; border_width_all=&#8220;0px&#8220; border_radii_image=&#8220;on|50px|50px|50px|50px&#8220; global_colors_info=&#8220;{}&#8220;][\/et_pb_blog][et_pb_text _builder_version=&#8220;4.24.3&#8243; _module_preset=&#8220;default&#8220; header_font_size=&#8220;2em&#8220; header_2_font_size=&#8220;1.7em&#8220; header_font_size_tablet=&#8220;2em&#8220; header_font_size_phone=&#8220;1.4em&#8220; header_font_size_last_edited=&#8220;on|phone&#8220; header_2_font_size_tablet=&#8220;1.7em&#8220; header_2_font_size_phone=&#8220;1.4em&#8220; header_2_font_size_last_edited=&#8220;on|desktop&#8220; global_colors_info=&#8220;{}&#8220;]<\/p>\n<h2>Wir sind f\u00fcr dich da<\/h2>\n<p>[\/et_pb_text][et_pb_portfolio fullwidth=&#8220;off&#8220; include_categories=&#8220;11&#8243; show_categories=&#8220;off&#8220; _builder_version=&#8220;4.24.3&#8243; _module_preset=&#8220;default&#8220; title_text_align=&#8220;center&#8220; title_font_size=&#8220;1em&#8220; title_font_size_tablet=&#8220;1em&#8220; title_font_size_phone=&#8220;1em&#8220; title_font_size_last_edited=&#8220;on|phone&#8220; border_radii_image=&#8220;on|50%|50%|50%|50%&#8220; global_colors_info=&#8220;{}&#8220;][\/et_pb_portfolio][\/et_pb_column][\/et_pb_row][\/et_pb_section]<\/p>\n","protected":false},"excerpt":{"rendered":"<p>Kurse und Seminare Da wir unser Wissen und unsere Erfahrungswerte gerne mit anderen Menschen teilen, halten wir Vortr\u00e4ge und Seminare ab. Diese Seminare bilden wundersch\u00f6ne Gelegenheiten f\u00fcr Gruppenprozesse und Austausch auf diversen Ebenen. Oft finden Menschen zusammen, die von \u00e4hnlichen Themen bewegt, sich in der Umsetzung von Kreiskultur und WIR weiter entwickeln wollen. Dank Kursangeboten [&hellip;]<\/p>\n","protected":false},"author":1,"featured_media":0,"parent":0,"menu_order":0,"comment_status":"closed","ping_status":"closed","template":"","meta":{"_acf_changed":false,"_et_pb_use_builder":"on","_et_pb_old_content":"","_et_gb_content_width":"","footnotes":""},"class_list":["post-573","page","type-page","status-publish","hentry"],"acf":[],"_links":{"self":[{"href":"https:\/\/www.lichtradschmiede.ch\/wordpress\/wp-json\/wp\/v2\/pages\/573","targetHints":{"allow":["GET"]}}],"collection":[{"href":"https:\/\/www.lichtradschmiede.ch\/wordpress\/wp-json\/wp\/v2\/pages"}],"about":[{"href":"https:\/\/www.lichtradschmiede.ch\/wordpress\/wp-json\/wp\/v2\/types\/page"}],"author":[{"embeddable":true,"href":"https:\/\/www.lichtradschmiede.ch\/wordpress\/wp-json\/wp\/v2\/users\/1"}],"replies":[{"embeddable":true,"href":"https:\/\/www.lichtradschmiede.ch\/wordpress\/wp-json\/wp\/v2\/comments?post=573"}],"version-history":[{"count":0,"href":"https:\/\/www.lichtradschmiede.ch\/wordpress\/wp-json\/wp\/v2\/pages\/573\/revisions"}],"wp:attachment":[{"href":"https:\/\/www.lichtradschmiede.ch\/wordpress\/wp-json\/wp\/v2\/media?parent=573"}],"curies":[{"name":"wp","href":"https:\/\/api.w.org\/{rel}","templated":true}]}}